{"id":72,"date":"2016-11-22T19:28:52","date_gmt":"2016-11-22T18:28:52","guid":{"rendered":"http:\/\/vei.de\/?page_id=72"},"modified":"2026-03-26T14:30:07","modified_gmt":"2026-03-26T13:30:07","slug":"die-gedrechselte-zauberfloete","status":"publish","type":"page","link":"https:\/\/vei.de\/","title":{"rendered":""},"content":{"rendered":"\n<figure class=\"wp-block-image size-large is-resized\"><img loading=\"lazy\" decoding=\"async\" width=\"1024\" height=\"398\" src=\"https:\/\/vei.de\/wp-content\/uploads\/2023\/10\/Gruppenfoto_3_Chor-1024x398.jpg\" alt=\"\" class=\"wp-image-1322\" style=\"width:1129px;height:auto\" srcset=\"https:\/\/vei.de\/wp-content\/uploads\/2023\/10\/Gruppenfoto_3_Chor-1024x398.jpg 1024w, https:\/\/vei.de\/wp-content\/uploads\/2023\/10\/Gruppenfoto_3_Chor-300x117.jpg 300w, https:\/\/vei.de\/wp-content\/uploads\/2023\/10\/Gruppenfoto_3_Chor-768x299.jpg 768w, https:\/\/vei.de\/wp-content\/uploads\/2023\/10\/Gruppenfoto_3_Chor-1536x597.jpg 1536w, https:\/\/vei.de\/wp-content\/uploads\/2023\/10\/Gruppenfoto_3_Chor-2048x797.jpg 2048w, https:\/\/vei.de\/wp-content\/uploads\/2023\/10\/Gruppenfoto_3_Chor-700x272.jpg 700w\" sizes=\"(max-width: 1024px) 100vw, 1024px\" \/><\/figure>\n\n\n\n<p><\/p>\n\n\n\n<p>Das Vokal Ensemble bereichert die kulturelle Landschaft Isernhagens und anderer Regionen in\u00a0 und um Hannover seit \u00fcber 30 Jahren mit besonderen Chorprojekten. So hatte Anne Drechsel schon bei der Chorgr\u00fcndung 1994 die Idee, Musik aus unterschiedlichen Genres in einem Konzert aufzuf\u00fchren, so wie es von den meisten Amateurch\u00f6ren nach und nach \u00fcbernommen wurde. Mit aufw\u00e4ndigen Chorproduktionen wie &#8222;<a href=\"https:\/\/vei.de\/?page_id=186\" data-type=\"page\" data-id=\"186\">Die geDRECHSELte Zauberfl\u00f6te<\/a>&#8222;, &#8222;<a href=\"https:\/\/vei.de\/?page_id=281\" data-type=\"page\" data-id=\"281\">Les Mis\u00e9rables<\/a>&#8222;, &#8222;<a href=\"https:\/\/vei.de\/?page_id=288\" data-type=\"page\" data-id=\"288\">Carmina Burana<\/a>&#8220; und Karl Jenkins &#8222;<a href=\"https:\/\/vei.de\/?page_id=1467\" data-type=\"page\" data-id=\"1467\">Stabat Mater<\/a>&#8220; hat sich der Chor st\u00e4ndig weiter entwickelt und viele sehr gut besuchte und vom Publikum begeistert aufgenommene Auff\u00fchrungen pr\u00e4sentiert.<\/p>\n\n\n\n<p>Die \u00fcber das gemeinsame Singen hinaus sehr aufgeschlossene Gruppe freut sich \u00fcber neue Mits\u00e4nger. Sie sind interessiert oder kennen jemanden, der auf der Suche nach einem tollen Chor ist? Das Vokal Ensemble l\u00e4dt herzlich ein!<\/p>\n\n\n\n<p>Weitere Informationen telefonisch bei Nicola Boettcher unter 0173-6142955.<\/p>\n\n\n\n<p><\/p>\n","protected":false},"excerpt":{"rendered":"<p>Das Vokal Ensemble bereichert die kulturelle Landschaft Isernhagens und anderer Regionen in\u00a0 und um Hannover seit \u00fcber 30 Jahren mit besonderen Chorprojekten. So hatte Anne Drechsel schon bei der Chorgr\u00fcndung 1994 die Idee, Musik aus unterschiedlichen Genres in einem Konzert aufzuf\u00fchren, so wie es von den meisten Amateurch\u00f6ren nach und nach \u00fcbernommen wurde. Mit aufw\u00e4ndigen [&hellip;]<\/p>\n","protected":false},"author":2,"featured_media":0,"parent":0,"menu_order":0,"comment_status":"closed","ping_status":"closed","template":"","meta":{"footnotes":""},"class_list":["post-72","page","type-page","status-publish","hentry"],"_links":{"self":[{"href":"https:\/\/vei.de\/index.php?rest_route=\/wp\/v2\/pages\/72"}],"collection":[{"href":"https:\/\/vei.de\/index.php?rest_route=\/wp\/v2\/pages"}],"about":[{"href":"https:\/\/vei.de\/index.php?rest_route=\/wp\/v2\/types\/page"}],"author":[{"embeddable":true,"href":"https:\/\/vei.de\/index.php?rest_route=\/wp\/v2\/users\/2"}],"replies":[{"embeddable":true,"href":"https:\/\/vei.de\/index.php?rest_route=%2Fwp%2Fv2%2Fcomments&post=72"}],"version-history":[{"count":176,"href":"https:\/\/vei.de\/index.php?rest_route=\/wp\/v2\/pages\/72\/revisions"}],"predecessor-version":[{"id":1852,"href":"https:\/\/vei.de\/index.php?rest_route=\/wp\/v2\/pages\/72\/revisions\/1852"}],"wp:attachment":[{"href":"https:\/\/vei.de\/index.php?rest_route=%2Fwp%2Fv2%2Fmedia&parent=72"}],"curies":[{"name":"wp","href":"https:\/\/api.w.org\/{rel}","templated":true}]}}