{"id":53,"date":"2016-11-20T23:09:41","date_gmt":"2016-11-20T22:09:41","guid":{"rendered":"http:\/\/vei.de\/?page_id=53"},"modified":"2026-01-16T06:33:27","modified_gmt":"2026-01-16T05:33:27","slug":"mitglieder","status":"publish","type":"page","link":"https:\/\/vei.de\/?page_id=53","title":{"rendered":"Mitglieder"},"content":{"rendered":"<h3>Vokal Ensemble Isernhagen<\/h3>\n<p><strong>1. Sopran<\/strong><br \/>Wiebke B\u00f6hne &#8211; Skadi Boettcher &#8211; Kirsten Hilgers &#8211; Kerstin Klein &#8211; Yvonne Lange &#8211; Marita L\u00f6ffler &#8211; Dorothea Sp\u00f6recke-Kowalewski<\/p>\n<p><strong>2. Sopran<\/strong><br \/>Ellen Bl\u00fchdorn &#8211; Helena Boettcher &#8211; Nicola Boettcher &#8211; Claudia Go\u00dfmann &#8211; Birgit Gramms &#8211; Lisa Hofmann &#8211; Jutta Languth &#8211; Ingrid Lenz &#8211; Nina Macchia &#8211; Juliane R\u00e4uker &#8211; Christa Schr\u00f6der &#8211; Alexandra Specht &#8211; Maria Specht<\/p>\n<p><strong>Mezzo<\/strong><br \/>Daniela Korte &#8211; Gisela Kunz &#8211; Petra Melloh &#8211; Petra M\u00fcller &#8211; Svenja M\u00fcller-Frey &#8211; Simone Pfau &#8211; Silke Pieper &#8211; Claudia Poelk &#8211; Christiane Schmiedl-B\u00f6tticher &#8211; Daniela Schulz &#8211; Katrin Siemers &#8211; Christine Thiemann &#8211; Thekla Ulrich<\/p>\n<p><strong>Alt<\/strong><br \/>Sibylle Bohlsen &#8211; Jessica Dobecki &#8211; Angelika Dyck &#8211; Georgia Hindenburg &#8211; Inge Hofmann &#8211; Anne-Katrin Laudahn &#8211; Aika Luttermann &#8211; Annette Mauk &#8211; Vanessa Schenke &#8211; Beate Schl\u00fcter &#8211; Kornelia Schneidereit &#8211; Christine Sch\u00f6rshusen\u00a0<\/p>\n<p><strong>1. Tenor<\/strong><br \/>Daniel Boettcher &#8211; Karl Mohnsen &#8211; Gregor Pfau &#8211; Thomas S\u00f6chtig &#8211; Alexander de Vries<\/p>\n<p><strong>2. Tenor<\/strong><br \/>Helmut Lenz &#8211; Kenneth Owen &#8211; Daniel Rien &#8211; Marcus St\u00f6wesand<\/p>\n<p><strong>1. Bass<\/strong><br \/>Marc Belke &#8211; G\u00fcnther Brinkmann &#8211; Hardy D\u00f6kel &#8211; Rainer Fricke &#8211; Horst Kowalewski &#8211; Carsten Languth<\/p>\n<p><strong>2. Bass<\/strong><br \/>Martin Ro\u00dfmann &#8211; Karl-Heinz Sauer &#8211; Andreas Stahlhut &#8211; Ullrich Thiemann &#8211; Ulrich Hesberg<\/p>\n\n\n<p><\/p>\n","protected":false},"excerpt":{"rendered":"<p>Vokal Ensemble Isernhagen 1. SopranWiebke B\u00f6hne &#8211; Skadi Boettcher &#8211; Kirsten Hilgers &#8211; Kerstin Klein &#8211; Yvonne Lange &#8211; Marita L\u00f6ffler &#8211; Dorothea Sp\u00f6recke-Kowalewski 2. SopranEllen Bl\u00fchdorn &#8211; Helena Boettcher &#8211; Nicola Boettcher &#8211; Claudia Go\u00dfmann &#8211; Birgit Gramms &#8211; Lisa Hofmann &#8211; Jutta Languth &#8211; Ingrid Lenz &#8211; Nina Macchia &#8211; Juliane R\u00e4uker &#8211; [&hellip;]<\/p>\n","protected":false},"author":1,"featured_media":0,"parent":0,"menu_order":0,"comment_status":"closed","ping_status":"closed","template":"page_fullwidth.php","meta":{"footnotes":""},"class_list":["post-53","page","type-page","status-publish","hentry"],"_links":{"self":[{"href":"https:\/\/vei.de\/index.php?rest_route=\/wp\/v2\/pages\/53"}],"collection":[{"href":"https:\/\/vei.de\/index.php?rest_route=\/wp\/v2\/pages"}],"about":[{"href":"https:\/\/vei.de\/index.php?rest_route=\/wp\/v2\/types\/page"}],"author":[{"embeddable":true,"href":"https:\/\/vei.de\/index.php?rest_route=\/wp\/v2\/users\/1"}],"replies":[{"embeddable":true,"href":"https:\/\/vei.de\/index.php?rest_route=%2Fwp%2Fv2%2Fcomments&post=53"}],"version-history":[{"count":52,"href":"https:\/\/vei.de\/index.php?rest_route=\/wp\/v2\/pages\/53\/revisions"}],"predecessor-version":[{"id":1783,"href":"https:\/\/vei.de\/index.php?rest_route=\/wp\/v2\/pages\/53\/revisions\/1783"}],"wp:attachment":[{"href":"https:\/\/vei.de\/index.php?rest_route=%2Fwp%2Fv2%2Fmedia&parent=53"}],"curies":[{"name":"wp","href":"https:\/\/api.w.org\/{rel}","templated":true}]}}