{"id":33,"date":"2016-11-20T22:57:52","date_gmt":"2016-11-20T21:57:52","guid":{"rendered":"http:\/\/vei.de\/?page_id=33"},"modified":"2024-09-16T20:16:36","modified_gmt":"2024-09-16T18:16:36","slug":"wir-suchen","status":"publish","type":"page","link":"https:\/\/vei.de\/?page_id=33","title":{"rendered":"Das Vokal Ensemble Isernhagen sucht:"},"content":{"rendered":"<ul>\n<li>S\u00e4nger bis 55 Jahre<\/li>\n<li>Alt- und Mezzos\u00e4ngerinnen bis 35 Jahre<\/li>\n<\/ul>\n<p>(Ausnahmen nach Absprache)\u00a0\u00a0\u00a0\u00a0\u00a0\u00a0\u00a0\u00a0\u00a0\u00a0\u00a0\u00a0\u00a0\u00a0<\/p>\n<p><strong>Das wird geboten:<\/strong><\/p>\n<ul>\n<li>spannende Konzerte<\/li>\n<li>eigene Chorproduktionen und Gro\u00dfprojekte<\/li>\n<li>Einstudierung von klassischen Chorwerken, originalen Opernch\u00f6ren, interessanten Pop- und Musicalarrangements, Gospels, Spirituals etc.<\/li>\n<li>professionelle Stimmbildung w\u00e4hrend der Chorproben<\/li>\n<li>eine unkomplizierte, ambitionierte Gruppe mit viel Spa\u00df am Singen, die neue S\u00e4ngerInnen mit Freude willkommen hei\u00dft<\/li>\n<li>kein Vorsingen, sondern eine 4w\u00f6chige Eingew\u00f6hnungszeit, in der man merkt, ob man zu diesem Chor passt<\/li>\n<li>eine hochkompetente Chorleiterin, die sagt: \u201eDas Vokal Ensemble Isernhagen ist eben etwas mehr als nur ein Chor!\u201c<\/li>\n<\/ul>\n<p><strong>Neugierig geworden?<\/strong><\/p>\n<p>Einfach anrufen bei:<\/p>\n<p>Anne Drechsel\u00a0\u00a0\u00a0\u00a0\u00a0\u00a0\u00a0\u00a0\u00a0 0176 &#8211; 22892771<\/p>\n<p>Nicola Boettcher\u00a0\u00a0\u00a0 \u00a0\u00a0 0173 &#8211; 6142955<\/p>\n<p>Beate Schl\u00fcter\u00a0\u00a0\u00a0\u00a0\u00a0\u00a0\u00a0\u00a0\u00a0\u00a0 0176 &#8211; 40561393<\/p>\n<p>oder per mail \u00a0\u00a0\u00a0\u00a0\u00a0\u00a0\u00a0\u00a0\u00a0\u00a0\u00a0\u00a0 <a href=\"mailto:nico.boettcher70@gmail.com\">nico.boettcher70@gmail.com<\/a><\/p>\n\n\n<p><\/p>\n","protected":false},"excerpt":{"rendered":"<p>S\u00e4nger bis 55 Jahre Alt- und Mezzos\u00e4ngerinnen bis 35 Jahre (Ausnahmen nach Absprache)\u00a0\u00a0\u00a0\u00a0\u00a0\u00a0\u00a0\u00a0\u00a0\u00a0\u00a0\u00a0\u00a0\u00a0 Das wird geboten: spannende Konzerte eigene Chorproduktionen und Gro\u00dfprojekte Einstudierung von klassischen Chorwerken, originalen Opernch\u00f6ren, interessanten Pop- und Musicalarrangements, Gospels, Spirituals etc. professionelle Stimmbildung w\u00e4hrend der Chorproben eine unkomplizierte, ambitionierte Gruppe mit viel Spa\u00df am Singen, die neue S\u00e4ngerInnen mit Freude willkommen [&hellip;]<\/p>\n","protected":false},"author":1,"featured_media":0,"parent":0,"menu_order":0,"comment_status":"closed","ping_status":"closed","template":"page_fullwidth.php","meta":{"footnotes":""},"class_list":["post-33","page","type-page","status-publish","hentry"],"_links":{"self":[{"href":"https:\/\/vei.de\/index.php?rest_route=\/wp\/v2\/pages\/33"}],"collection":[{"href":"https:\/\/vei.de\/index.php?rest_route=\/wp\/v2\/pages"}],"about":[{"href":"https:\/\/vei.de\/index.php?rest_route=\/wp\/v2\/types\/page"}],"author":[{"embeddable":true,"href":"https:\/\/vei.de\/index.php?rest_route=\/wp\/v2\/users\/1"}],"replies":[{"embeddable":true,"href":"https:\/\/vei.de\/index.php?rest_route=%2Fwp%2Fv2%2Fcomments&post=33"}],"version-history":[{"count":24,"href":"https:\/\/vei.de\/index.php?rest_route=\/wp\/v2\/pages\/33\/revisions"}],"predecessor-version":[{"id":1483,"href":"https:\/\/vei.de\/index.php?rest_route=\/wp\/v2\/pages\/33\/revisions\/1483"}],"wp:attachment":[{"href":"https:\/\/vei.de\/index.php?rest_route=%2Fwp%2Fv2%2Fmedia&parent=33"}],"curies":[{"name":"wp","href":"https:\/\/api.w.org\/{rel}","templated":true}]}}