{"id":30,"date":"2016-11-20T22:54:56","date_gmt":"2016-11-20T21:54:56","guid":{"rendered":"http:\/\/vei.de\/?page_id=30"},"modified":"2024-10-28T20:04:54","modified_gmt":"2024-10-28T19:04:54","slug":"kontakt","status":"publish","type":"page","link":"https:\/\/vei.de\/?page_id=30","title":{"rendered":"Telefon \/ E-Mail"},"content":{"rendered":"<h3>\u00a0<\/h3>\n<h4>Vokal Ensemble Isernhagen e.V.<\/h4>\n<p>Nicola Boettcher &#8211; Mobil: 0173-6142955 &#8211; <a href=\"mailto:nico.boettcher70@gmail.com\">nico.boettcher70@gmail.com<\/a><\/p>\n<h4>\u00a0<\/h4>\n<h4>Newsletter<\/h4>\n<p>Wenn Sie regelm\u00e4\u00dfig \u00fcber unsere Konzerte informiert werden m\u00f6chten, senden Sie bitte eine E-Mail mit Ihrem Namen an <a href=\"mailto:drechsel-choere@gmx.de\">drechsel-choere@gmx.de<\/a><\/p>\n","protected":false},"excerpt":{"rendered":"<p>\u00a0 Vokal Ensemble Isernhagen e.V. Nicola Boettcher &#8211; Mobil: 0173-6142955 &#8211; nico.boettcher70@gmail.com \u00a0 Newsletter Wenn Sie regelm\u00e4\u00dfig \u00fcber unsere Konzerte informiert werden m\u00f6chten, senden Sie bitte eine E-Mail mit Ihrem Namen an drechsel-choere@gmx.de<\/p>\n","protected":false},"author":1,"featured_media":0,"parent":0,"menu_order":0,"comment_status":"closed","ping_status":"closed","template":"page_fullwidth.php","meta":{"footnotes":""},"class_list":["post-30","page","type-page","status-publish","hentry"],"_links":{"self":[{"href":"https:\/\/vei.de\/index.php?rest_route=\/wp\/v2\/pages\/30"}],"collection":[{"href":"https:\/\/vei.de\/index.php?rest_route=\/wp\/v2\/pages"}],"about":[{"href":"https:\/\/vei.de\/index.php?rest_route=\/wp\/v2\/types\/page"}],"author":[{"embeddable":true,"href":"https:\/\/vei.de\/index.php?rest_route=\/wp\/v2\/users\/1"}],"replies":[{"embeddable":true,"href":"https:\/\/vei.de\/index.php?rest_route=%2Fwp%2Fv2%2Fcomments&post=30"}],"version-history":[{"count":19,"href":"https:\/\/vei.de\/index.php?rest_route=\/wp\/v2\/pages\/30\/revisions"}],"predecessor-version":[{"id":1549,"href":"https:\/\/vei.de\/index.php?rest_route=\/wp\/v2\/pages\/30\/revisions\/1549"}],"wp:attachment":[{"href":"https:\/\/vei.de\/index.php?rest_route=%2Fwp%2Fv2%2Fmedia&parent=30"}],"curies":[{"name":"wp","href":"https:\/\/api.w.org\/{rel}","templated":true}]}}