{"id":20,"date":"2016-11-20T22:44:24","date_gmt":"2016-11-20T21:44:24","guid":{"rendered":"http:\/\/vei.de\/?page_id=20"},"modified":"2024-09-16T20:22:16","modified_gmt":"2024-09-16T18:22:16","slug":"chorleiterin","status":"publish","type":"page","link":"https:\/\/vei.de\/?page_id=20","title":{"rendered":"Anne Drechsel"},"content":{"rendered":"<p><img loading=\"lazy\" decoding=\"async\" class=\"size-medium wp-image-21 alignright\" src=\"https:\/\/vei.de\/wp-content\/uploads\/2016\/11\/anne-225x300.jpg\" alt=\"DIGITAL IMAGE\" width=\"225\" height=\"300\" srcset=\"https:\/\/vei.de\/wp-content\/uploads\/2016\/11\/anne-225x300.jpg 225w, https:\/\/vei.de\/wp-content\/uploads\/2016\/11\/anne.jpg 400w\" sizes=\"(max-width: 225px) 100vw, 225px\" \/><\/p>\n<p>Anne Drechsel studierte Gesang an der Staatlichen Hochschule f\u00fcr Musik und Theater in Hannover. Von 1976 bis 1993 war sie Solistin des Staatstheaters Kassel und der Staatsoper Hannover. 1994 gr\u00fcndete sie als ersten ihrer sechs Ch\u00f6re das \u00a0<a href=\"https:\/\/vei.de\/?page_id=18\">Vokal Ensemble Isernhagen<\/a>,<\/p>\n<p>etwas sp\u00e4ter dann den Kinderchor Ensemble Spatzen und den Isernhagenchor 50plus. Aus einem zun\u00e4chst 18k\u00f6pfigen Projektchor entstand im Jahr 2000 Femmes Vocales &#8211; der etwas andere Frauenchor.<\/p>\n<p>Ihre Chorarbeit zeichnet sich durch konsequente stimmliche Schulung aller S\u00e4nger und S\u00e4ngerinnen aus. So erreichten das Vokal Ensemble und Femmes Vocales eine herausragende Klangqualit\u00e4t, die in mehreren Wettbewerben zu \u00fcberdurchschnittlichen Notierungen f\u00fchrte und sie weit \u00fcber die Grenzen der Region Hannover hinaus bekannt machte. Im Kinder- und Jugendchor wird durch ihre Arbeit ein fr\u00fches Interesse an dem Belcanto-Gesang geweckt. Den Isernhagenchor 50plus schult sie mit ihrer Art der Stimmbildung so, dass es keine Rolle spielt, dass einige S\u00e4nger und S\u00e4ngerinnen schon die 80 \u00fcberschritten haben.<\/p>\n<p>Schon seit 1994 zeigen die Konzerte unter der Leitung von Anne Drechsel ein abwechslungsreiches Spektrum der Musik von Klassik \u00fcber Pop, Oper, internationale Folklore, Gospel bis zu choreographisch einstudierten Musicalmelodien. Dieses Konzept der Programmvielfalt unter Einbeziehung aller musikalischen Stilrichtungen ist heute zur Normalit\u00e4t in der Chorszene geworden. Mit den gro\u00dfen Produktionen \u201e<a href=\"https:\/\/vei.de\/?page_id=555\">Geheimnis von Weihnachten<\/a>\u201c, \u201eFeuerwerk der Chormusik\u201c und ganz besonders der \u201e<a href=\"https:\/\/vei.de\/?page_id=186\">geDRECHSELten Zauberfl\u00f6te<\/a>\u201c, \u201e<a href=\"https:\/\/vei.de\/?page_id=281\">Les Mis\u00e9rables<\/a>\u201c und \u201e<a href=\"https:\/\/vei.de\/?page_id=288\">Carmina Burana<\/a>\u201c hat sie Chorkonzerte der au\u00dfergew\u00f6hnlichen Art auf die B\u00fchne gebracht.<\/p>\n<p>Im Jahr 1995 begann sie privaten Gesangsunterricht zu erteilen, woraus sich dann auch die Gr\u00fcndung eines Gesangsstudios ergab. Neben der Leitung der Ch\u00f6re unterrichtet sie heute in ihrem Studio u. a. viele Chors\u00e4ngerinnen und -s\u00e4nger, welche wesentlich zur Brillanz des Chorklangs beitragen.<\/p>\n<p>Ihre Ch\u00f6re sind:<\/p>\n<ul>\n<li><a href=\"https:\/\/vei.de\/?page_id=18\" target=\"_blank\" rel=\"noopener noreferrer\">Vokal Ensemble Isernhagen<\/a><\/li>\n<li><a href=\"https:\/\/www.opernchor-isernhagen.de\/\">Opernchor Isernhagen<\/a><\/li>\n<li>Frauenchor Femmes Vocales<\/li>\n<\/ul>\n\n\n<p><\/p>\n","protected":false},"excerpt":{"rendered":"<p>Anne Drechsel studierte Gesang an der Staatlichen Hochschule f\u00fcr Musik und Theater in Hannover. Von 1976 bis 1993 war sie Solistin des Staatstheaters Kassel und der Staatsoper Hannover. 1994 gr\u00fcndete sie als ersten ihrer sechs Ch\u00f6re das \u00a0Vokal Ensemble Isernhagen, etwas sp\u00e4ter dann den Kinderchor Ensemble Spatzen und den Isernhagenchor 50plus. Aus einem zun\u00e4chst 18k\u00f6pfigen [&hellip;]<\/p>\n","protected":false},"author":1,"featured_media":0,"parent":0,"menu_order":0,"comment_status":"closed","ping_status":"closed","template":"page_fullwidth.php","meta":{"footnotes":""},"class_list":["post-20","page","type-page","status-publish","hentry"],"_links":{"self":[{"href":"https:\/\/vei.de\/index.php?rest_route=\/wp\/v2\/pages\/20"}],"collection":[{"href":"https:\/\/vei.de\/index.php?rest_route=\/wp\/v2\/pages"}],"about":[{"href":"https:\/\/vei.de\/index.php?rest_route=\/wp\/v2\/types\/page"}],"author":[{"embeddable":true,"href":"https:\/\/vei.de\/index.php?rest_route=\/wp\/v2\/users\/1"}],"replies":[{"embeddable":true,"href":"https:\/\/vei.de\/index.php?rest_route=%2Fwp%2Fv2%2Fcomments&post=20"}],"version-history":[{"count":19,"href":"https:\/\/vei.de\/index.php?rest_route=\/wp\/v2\/pages\/20\/revisions"}],"predecessor-version":[{"id":1486,"href":"https:\/\/vei.de\/index.php?rest_route=\/wp\/v2\/pages\/20\/revisions\/1486"}],"wp:attachment":[{"href":"https:\/\/vei.de\/index.php?rest_route=%2Fwp%2Fv2%2Fmedia&parent=20"}],"curies":[{"name":"wp","href":"https:\/\/api.w.org\/{rel}","templated":true}]}}