{"id":18,"date":"2016-11-20T22:32:26","date_gmt":"2016-11-20T21:32:26","guid":{"rendered":"http:\/\/vei.de\/?page_id=18"},"modified":"2025-02-11T11:32:16","modified_gmt":"2025-02-11T10:32:16","slug":"vokal-ensemble-isernhagen","status":"publish","type":"page","link":"https:\/\/vei.de\/?page_id=18","title":{"rendered":"Vokal Ensemble Isernhagen"},"content":{"rendered":"<figure id=\"attachment_1128\" aria-describedby=\"caption-attachment-1128\" style=\"width: 925px\" class=\"wp-caption alignnone\"><img loading=\"lazy\" decoding=\"async\" class=\" wp-image-1128\" src=\"https:\/\/vei.de\/wp-content\/uploads\/2022\/12\/Gruppenfoto_2_Chor_November2022-300x121.jpg\" alt=\"\" width=\"925\" height=\"373\" srcset=\"https:\/\/vei.de\/wp-content\/uploads\/2022\/12\/Gruppenfoto_2_Chor_November2022-300x121.jpg 300w, https:\/\/vei.de\/wp-content\/uploads\/2022\/12\/Gruppenfoto_2_Chor_November2022-1024x413.jpg 1024w, https:\/\/vei.de\/wp-content\/uploads\/2022\/12\/Gruppenfoto_2_Chor_November2022-768x310.jpg 768w, https:\/\/vei.de\/wp-content\/uploads\/2022\/12\/Gruppenfoto_2_Chor_November2022-1536x619.jpg 1536w, https:\/\/vei.de\/wp-content\/uploads\/2022\/12\/Gruppenfoto_2_Chor_November2022-2048x826.jpg 2048w, https:\/\/vei.de\/wp-content\/uploads\/2022\/12\/Gruppenfoto_2_Chor_November2022-700x282.jpg 700w\" sizes=\"(max-width: 925px) 100vw, 925px\" \/><figcaption id=\"caption-attachment-1128\" class=\"wp-caption-text\"><em>Foto by Prinzenstudio\/Sabine Berkefeld<\/em><\/figcaption><\/figure>\n<p>Im Vokal Ensemble Isernhagen trifft man Menschen, die der unglaubliche Spa\u00df am Singen und die Begeisterung f\u00fcr einen harmonischen Chorklang verbindet.<\/p>\n<p>Gegr\u00fcndet und geleitet von <a href=\"https:\/\/vei.de\/?page_id=20\">Anne Drechsel<\/a> blickt der Chor auf mehr als 30 Jahre Chorgeschichte zur\u00fcck. Angefangen mit 15 S\u00e4ngerinnen und S\u00e4ngern z\u00e4hlt das Vokal Ensemble mittlerweile mehr als 60 Mitglieder. Durch konsequente Stimmbildung der Operns\u00e4ngerin Anne Drechsel entwickelte der Chor eine homogene Klangqualit\u00e4t, die ihn weit \u00fcber die Grenzen Hannovers bekannt machte und bei nationalen und internationalen Wettbewerben zu \u00fcberdurchschnittlichen Platzierungen f\u00fchrte.<\/p>\n<p>Ausverkaufte Konzerte mit Klassik und Pop, weltlicher, geistlicher und weihnachtlicher Musik stehen auf dem j\u00e4hrlichen Terminplan. Chorreisen f\u00fchrten unter anderem nach Rostock, Weimar, Rom und Prag. Eine weitere Konzertreise ist f\u00fcr 2026 geplant.<\/p>\n<p>Jedoch zeichnet sich das Vokal Ensemble Isernhagen nicht nur durch seine Klangqualit\u00e4t aus \u2013 einzigartig sind die speziell f\u00fcr den Chor arrangierten Projekte: Chorkonzerte, die sowohl f\u00fcr das Publikum als auch f\u00fcr die Mitwirkenden aufregende und spannende Herausforderungen sind. So urteilte die Presse z.B. nach der \u201e<a href=\"https:\/\/vei.de\/?page_id=186\">geDRECHSELten Zauberfl\u00f6te<\/a>\u201c:<\/p>\n<p>\u201ePop und Papageno \u2013 das passt&#8230; Mozart h\u00e4tte es gefallen\u201c.<\/p>\n<p>Und es gibt noch so viele Ideen&#8230;<\/p>\n<hr \/>\n<p style=\"text-align: left;\"><span style=\"color: #000000; font-family: Arial;\">\u00a0<\/span><\/p>\n<p style=\"text-align: left;\">Die Proben finden donnerstags von 19.30 &#8211; 21.00 Uhr in der Begegnungsst\u00e4tte HB, Burgwedeler Stra\u00dfe 141 e, Isernhagen HB statt. N\u00e4here Infos finden Sie <a href=\"https:\/\/vei.de\/?page_id=33\">hier.<\/a><\/p>\n","protected":false},"excerpt":{"rendered":"<p>Im Vokal Ensemble Isernhagen trifft man Menschen, die der unglaubliche Spa\u00df am Singen und die Begeisterung f\u00fcr einen harmonischen Chorklang verbindet. Gegr\u00fcndet und geleitet von Anne Drechsel blickt der Chor auf mehr als 30 Jahre Chorgeschichte zur\u00fcck. Angefangen mit 15 S\u00e4ngerinnen und S\u00e4ngern z\u00e4hlt das Vokal Ensemble mittlerweile mehr als 60 Mitglieder. Durch konsequente Stimmbildung [&hellip;]<\/p>\n","protected":false},"author":1,"featured_media":0,"parent":0,"menu_order":0,"comment_status":"closed","ping_status":"closed","template":"page_fullwidth.php","meta":{"footnotes":""},"class_list":["post-18","page","type-page","status-publish","hentry"],"_links":{"self":[{"href":"https:\/\/vei.de\/index.php?rest_route=\/wp\/v2\/pages\/18"}],"collection":[{"href":"https:\/\/vei.de\/index.php?rest_route=\/wp\/v2\/pages"}],"about":[{"href":"https:\/\/vei.de\/index.php?rest_route=\/wp\/v2\/types\/page"}],"author":[{"embeddable":true,"href":"https:\/\/vei.de\/index.php?rest_route=\/wp\/v2\/users\/1"}],"replies":[{"embeddable":true,"href":"https:\/\/vei.de\/index.php?rest_route=%2Fwp%2Fv2%2Fcomments&post=18"}],"version-history":[{"count":29,"href":"https:\/\/vei.de\/index.php?rest_route=\/wp\/v2\/pages\/18\/revisions"}],"predecessor-version":[{"id":1593,"href":"https:\/\/vei.de\/index.php?rest_route=\/wp\/v2\/pages\/18\/revisions\/1593"}],"wp:attachment":[{"href":"https:\/\/vei.de\/index.php?rest_route=%2Fwp%2Fv2%2Fmedia&parent=18"}],"curies":[{"name":"wp","href":"https:\/\/api.w.org\/{rel}","templated":true}]}}