{"id":113,"date":"2016-12-04T11:53:14","date_gmt":"2016-12-04T10:53:14","guid":{"rendered":"http:\/\/vei.de\/?page_id=113"},"modified":"2025-02-11T11:29:39","modified_gmt":"2025-02-11T10:29:39","slug":"projekte","status":"publish","type":"page","link":"https:\/\/vei.de\/?page_id=113","title":{"rendered":"Projekte"},"content":{"rendered":"<p>Auf den folgenden Seiten k\u00f6nnen Sie sich \u00fcber die verschiedenen Inszenierungen informieren, die das Vokal Ensemble Isernhagen bereits mehrfach aufgef\u00fchrt hat:<\/p>\n<ul>\n<li><a href=\"https:\/\/vei.de\/?page_id=235\" target=\"_blank\" rel=\"noopener noreferrer\">Musik f\u00fcr Generationen<\/a><\/li>\n<li><a href=\"https:\/\/vei.de\/?page_id=186\" target=\"_blank\" rel=\"noopener noreferrer\">Die geDRECHSELte Zauberfl\u00f6te<\/a><\/li>\n<li><a href=\"https:\/\/vei.de\/?page_id=281\" target=\"_blank\" rel=\"noopener noreferrer\">Les Mis\u00e9rables<\/a><\/li>\n<li><a href=\"https:\/\/vei.de\/?page_id=288\" target=\"_blank\" rel=\"noopener noreferrer\">Carmina Burana<\/a><\/li>\n<li><a href=\"https:\/\/vei.de\/?page_id=1467\">Stabat Mater<\/a><\/li>\n<li><a href=\"https:\/\/vei.de\/?page_id=555\">Das Geheimnis um Weihnachten<\/a><\/li>\n<\/ul>\n","protected":false},"excerpt":{"rendered":"<p>Auf den folgenden Seiten k\u00f6nnen Sie sich \u00fcber die verschiedenen Inszenierungen informieren, die das Vokal Ensemble Isernhagen bereits mehrfach aufgef\u00fchrt hat: Musik f\u00fcr Generationen Die geDRECHSELte Zauberfl\u00f6te Les Mis\u00e9rables Carmina Burana Stabat Mater Das Geheimnis um Weihnachten<\/p>\n","protected":false},"author":2,"featured_media":0,"parent":0,"menu_order":0,"comment_status":"closed","ping_status":"closed","template":"page_fullwidth.php","meta":{"footnotes":""},"class_list":["post-113","page","type-page","status-publish","hentry"],"_links":{"self":[{"href":"https:\/\/vei.de\/index.php?rest_route=\/wp\/v2\/pages\/113"}],"collection":[{"href":"https:\/\/vei.de\/index.php?rest_route=\/wp\/v2\/pages"}],"about":[{"href":"https:\/\/vei.de\/index.php?rest_route=\/wp\/v2\/types\/page"}],"author":[{"embeddable":true,"href":"https:\/\/vei.de\/index.php?rest_route=\/wp\/v2\/users\/2"}],"replies":[{"embeddable":true,"href":"https:\/\/vei.de\/index.php?rest_route=%2Fwp%2Fv2%2Fcomments&post=113"}],"version-history":[{"count":12,"href":"https:\/\/vei.de\/index.php?rest_route=\/wp\/v2\/pages\/113\/revisions"}],"predecessor-version":[{"id":1591,"href":"https:\/\/vei.de\/index.php?rest_route=\/wp\/v2\/pages\/113\/revisions\/1591"}],"wp:attachment":[{"href":"https:\/\/vei.de\/index.php?rest_route=%2Fwp%2Fv2%2Fmedia&parent=113"}],"curies":[{"name":"wp","href":"https:\/\/api.w.org\/{rel}","templated":true}]}}